{"id":859,"date":"2024-11-24T09:26:31","date_gmt":"2024-11-24T00:26:31","guid":{"rendered":"https:\/\/kyotoimc.info\/?page_id=859"},"modified":"2025-05-24T20:46:37","modified_gmt":"2025-05-24T11:46:37","slug":"%e5%8f%82%e5%8a%a0%e7%94%b3%e3%81%97%e8%be%bc%e3%81%bf","status":"publish","type":"page","link":"https:\/\/kyotoimc.info\/?page_id=859","title":{"rendered":"\u53c2\u52a0\u7533\u3057\u8fbc\u307f"},"content":{"rendered":"\n<p class=\"has-text-align-center has-medium-font-size\"><strong>\u7b2c7\u56de\u4eac\u90fd\u56fd\u969b\u30b3\u30f3\u30af\u30fc\u30eb<br>\u7b2c7\u56de\u4eac\u90fd\u56fd\u969b\u97f3\u697d\u796d<br>\u53c2\u52a0\u7533\u3057\u8fbc\u307f<\/strong><br><strong>Application<\/strong><\/p>\n\n\n\n<p><strong>\u300c\u4eac\u90fd\u56fd\u969b\u97f3\u697d\u30b3\u30f3\u30af\u30fc\u30eb\u300d\u53ca\u3073\u300c\u4eac\u90fd\u56fd\u969b\u97f3\u697d\u796d\u300d\u306e\u53c2\u52a0\u7533\u3057\u8fbc\u307f\u53ca\u3073\u304a\u554f\u3044\u5408\u308f\u305b\u306f\u3001\u3053\u3061\u3089\u3067\u53d7\u4ed8\u3057\u3066\u304a\u308a\u307e\u3059\u3002<\/strong>\uff08\u4e2d\u56fd\u56fd\u5185\u306e\u53c2\u52a0\u8005\u306f\u4e2d\u56fd\u56fd\u5185\u898f\u5b9a\u3092\u53c2\u7167\uff09<br><br>\u65e5\u672c\u300c\u4eac\u90fd\u56fd\u969b\u97f3\u697d\u30b3\u30f3\u30af\u30fc\u30eb\u300d\u5b9f\u884c\u59d4\u54e1\u4f1a \u4e8b\u52d9\u5c40&nbsp;<br><a href=\"mailto:kyotoimcinfo@gmail.com\">kyotoimcinfo@gmail.com<\/a><br>\u65e5\u672c\u300c\u4eac\u90fd\u56fd\u969b\u97f3\u697d\u796d\u300d\u5b9f\u884c\u59d4\u54e1\u4f1a \u4e8b\u52d9\u5c40<br><a href=\"mailto:kyotoimcinfo@gmail.com\">kyotoimcinfo@gmail.com<\/a><br><br>\u300c\u7b2c\uff17\u56de\u4eac\u90fd\u56fd\u969b\u97f3\u697d\u30b3\u30f3\u30af\u30fc\u30eb\u300d\u53ca\u3073\u300c\u7b2c\uff17\u56de\u4eac\u90fd\u56fd\u969b\u97f3\u697d\u796d\u300d<br>\u4e88\u9078\u7533\u8fbc\uff1a<strong>2025\u5e744\u67081\u65e5\uff5e7\u67081\u65e5\u3000<\/strong><\/p>\n\n\n\n<div class=\"wp-block-buttons is-layout-flex wp-block-buttons-is-layout-flex\">\n<div class=\"wp-block-button\"><a class=\"wp-block-button__link wp-element-button\" href=\"https:\/\/kyotoimc.com\/script\/mailform\/kyotoimc\/\">\u7533\u8fbc\u30d5\u30a9\u30fc\u30e0<\/a><\/div>\n<\/div>\n\n\n\n<p><\/p>\n\n\n\n<hr class=\"wp-block-separator has-alpha-channel-opacity\"\/>\n\n\n\n<p>\u65e5\u672c\u300c\u4eac\u90fd\u570b\u969b\u97f3\u6a02\u6bd4\u8cfd\u300d\u7d44\u59d4\u6703 \u4e8b\u52d9\u7e02\u5c40<br><a href=\"mailto:kyotoimcinfo@gmail.com\">kyotoimcinfo@gmail.com<\/a><br>\u65e5\u672c\u300c\u4eac\u90fd\u570b\u969b\u97f3\u6a02\u7bc0\u300d\u7d44\u59d4\u6703 \u4e8b\u52d9\u7e02\u5c40<br><a href=\"mailto:kyotoimcinfo@gmail.com\">kyotoimcinfo@gmail.com<\/a><\/p>\n\n\n\n<p>\u300c\u7b2c7\u5c4a\u4eac\u90fd\u56fd\u9645\u97f3\u4e50\u6bd4\u8d5b\u300d \u4ee5\u53ca \u300c\u7b2c7\u5c4a\u4eac\u90fd\u56fd\u9645\u97f3\u4e50\u8282\u300d<strong><br><\/strong>\u62a5\u540d\u671f\u95f4\uff1a <strong>2025\u5e744\u67081\u65e5\uff5e7\u67081\u65e5\u3000<\/strong><\/p>\n\n\n\n<div class=\"wp-block-buttons is-layout-flex wp-block-buttons-is-layout-flex\">\n<div class=\"wp-block-button\"><a class=\"wp-block-button__link wp-element-button\" href=\"https:\/\/kyotoimc.com\/script\/mailform\/kyotoimc\/\">  \u62a5   \u540d   \u8868  <\/a><\/div>\n<\/div>\n\n\n\n<hr class=\"wp-block-separator has-alpha-channel-opacity\"\/>\n\n\n\n<p>Secr\u00e9tariat du Comit\u00e9 ex\u00e9cutif du Concours international de musique de Kyoto\u3000<a href=\"mailto:kyotoimcinfo@gmail.com\">kyotoimcinfo@gmail.com<\/a><br>Secr\u00e9tariat du comit\u00e9 ex\u00e9cutif du Festival international de musique de Kyoto<br><a href=\"mailto:kyotoimcinfo@gmail.com\">kyotoimcinfo@gmail.com<\/a><\/p>\n\n\n\n<p><strong>P\u00e9riode de candidature pr\u00e9liminaire : 01\/04\/2025 ~ 01\/07\/2025<br>Finale et festival de musique : 05~08\/08\/2025<\/strong><\/p>\n\n\n\n<div class=\"wp-block-buttons is-layout-flex wp-block-buttons-is-layout-flex\">\n<div class=\"wp-block-button\"><a class=\"wp-block-button__link wp-element-button\" href=\"https:\/\/kyotoimc.com\/script\/mailform\/kyotoimc\/\"> application <\/a><\/div>\n<\/div>\n\n\n\n<hr class=\"wp-block-separator has-alpha-channel-opacity\"\/>\n\n\n\n<p>Executive Committee Secretariat of the Kyoto International Music Competition\u3000<a href=\"mailto:kyotoimcinfo@gmail.com\">kyotoimcinfo@gmail.com<\/a><br>Executive Committee Secretariat of the Kyoto International Music Festival\u3000<a href=\"mailto:kyotoimcinfo@gmail.com\">kyotoimcinfo@gmail.com<\/a><\/p>\n\n\n\n<p><strong>Application period: 1\/4\/2025 ~ 1\/7\/2025<br>Finals and Music Festival: 5~8\/8\/2025<\/strong><\/p>\n\n\n\n<div class=\"wp-block-buttons is-layout-flex wp-block-buttons-is-layout-flex\">\n<div class=\"wp-block-button\"><a class=\"wp-block-button__link wp-element-button\" href=\"https:\/\/kyotoimc.com\/script\/mailform\/kyotoimc\/\"> application <\/a><\/div>\n<\/div>\n\n\n\n<hr class=\"wp-block-separator has-alpha-channel-opacity\"\/>\n\n\n\n<div data-wp-interactive=\"core\/file\" class=\"wp-block-file aligncenter\"><object data-wp-bind--hidden=\"!state.hasPdfPreview\" hidden class=\"wp-block-file__embed\" data=\"http:\/\/kyotoimc.info\/wp-content\/uploads\/2025\/03\/\u25cf\u7b2c7\u56de\u4eac\u90fd\u56fd\u969b\u3000\u5404\u90e8\u53c2\u52a0\u8cbb\u3068\u6f14\u594f\u6642\u9593\u8868.pdf\" type=\"application\/pdf\" style=\"width:100%;height:600px\" aria-label=\"\u25cf\u7b2c7\u56de\u4eac\u90fd\u56fd\u969b\u3000\u5404\u90e8\u53c2\u52a0\u8cbb\u3068\u6f14\u594f\u6642\u9593\u8868\u306e\u57cb\u3081\u8fbc\u307f\u3002\"><\/object><a id=\"wp-block-file--media-55c1ce30-ca50-4b96-a79a-03af56c987df\" href=\"http:\/\/kyotoimc.info\/wp-content\/uploads\/2025\/03\/\u25cf\u7b2c7\u56de\u4eac\u90fd\u56fd\u969b\u3000\u5404\u90e8\u53c2\u52a0\u8cbb\u3068\u6f14\u594f\u6642\u9593\u8868.pdf\">\u25cf\u7b2c7\u56de\u4eac\u90fd\u56fd\u969b\u3000\u5404\u90e8\u53c2\u52a0\u8cbb\u3068\u6f14\u594f\u6642\u9593\u8868<\/a><a href=\"http:\/\/kyotoimc.info\/wp-content\/uploads\/2025\/03\/\u25cf\u7b2c7\u56de\u4eac\u90fd\u56fd\u969b\u3000\u5404\u90e8\u53c2\u52a0\u8cbb\u3068\u6f14\u594f\u6642\u9593\u8868.pdf\" class=\"wp-block-file__button wp-element-button\" download aria-describedby=\"wp-block-file--media-55c1ce30-ca50-4b96-a79a-03af56c987df\">\u7b2c7\u56de\u4eac\u90fd\u56fd\u969b\u97f3\u697d\u30b3\u30f3\u30af\u30fc\u30eb<br>\u7b2c7\u56de\u4eac\u90fd\u56fd\u969b\u97f3\u697d\u796d<br>\u5404\u90e8\u53c2\u52a0\u8cbb\u53ca\u3073\u6f14\u594f\u6642\u9593\u8868<strong><br><\/strong>\u30c0\u30a6\u30f3\u30ed\u30fc\u30c9<\/a><\/div>\n\n\n\n<hr class=\"wp-block-separator has-alpha-channel-opacity\"\/>\n\n\n\n<p>\u300c\u7b2c7\u5c4a\u4eac\u90fd\u570b\u969b\u97f3\u6a02\u6bd4\u8cfd\u300d\u4e2d\u56fd\u8cfd\u5340\u7d44\u59d4\u6703\u3000\u5317\u4eac\u57f9\u7fbd\u6559\u80b2\u79d1\u6280\u6709\u9650\u516c\u53f8<\/p>\n\n\n\n<hr class=\"wp-block-separator has-alpha-channel-opacity\"\/>\n\n\n\n<p>\u300c\u7b2c7\u5c46\u4eac\u90fd\u570b\u969b\u97f3\u6a02\u7bc0\u300d\u4e2d\u56fd\u8cfd\u5340\u7d44\u59d4\u6703\u3000\u5b81\u6ce2\u5ee3\u5fb7\u6e56\u6587\u5316\u5275\u610f\u6709\u9650\u516c\u53f8<\/p>\n\n\n\n<hr class=\"wp-block-separator has-alpha-channel-opacity\"\/>\n\n\n\n<p><strong>\u4e2d\u570b\u5404\u5730\u5206\u8cfd\u5340<\/strong><\/p>\n\n\n\n<p>\u5317\u4eac\u9009\u62d4\u8d5b\u5bf9\u5e94\u5206\u8d5b\u533a\uff1a<br>\u5317\u4eac\u3001 \u79e6\u7687\u5c9b\u3001\u90d1\u5dde\u3001\u7261\u4e39\u6c5f\u3001\u957f\u6625\u3001\u547c\u548c\u6d69\u7279\u3001\u592a\u539f\u3001\u6c88\u9633\u3001<\/p>\n\n\n\n<p>\u5e7f\u5dde\u9009\u62d4\u8d5b\u5bf9\u5e94\u5206\u8d5b\u533a\uff1a<br>\u5e7f\u5dde\u3001\u6d77\u53e3\u3001\u957f\u6c99\u3001\u5357\u660c\u3001\u6b66\u6c49\u3001\u798f\u5dde\u3001\u53a6\u95e8 \uff0c\u5e7f\u897f<\/p>\n\n\n\n<p>\u4e0a\u6d77\u9009\u62d4\u8d5b\u5bf9\u5e94\u5206\u8d5b\u533a\uff1a<br>\u4e0a\u6d77\u3001\u5357\u4eac\u3001\u6d4e\u5357\u3001\u5b81\u6ce2\u3001\u5e38\u5dde\u3001\u82cf\u5dde\u3001\u9752\u5c9b\u3001<\/p>\n\n\n\n<p>\u676d\u5dde\u9009\u62d4\u8d5b\u5bf9\u5e94\u5206\u8d5b\u533a\uff1a<br>\u65e0\u9521\u3001 \u6e56\u5dde\u3001\u91d1\u534e\u3001\u53f0\u5dde\u3001\u6e29\u5dde<\/p>\n\n\n\n<p>\u6210\u90fd\u9009\u62d4\u8d5b\u5bf9\u5e94\u5206\u8d5b\u533a\uff1a<br>\u6210\u90fd\u3001\u91cd\u5e86\u3001\u897f\u5b89\u3001\u4e4c\u9c81\u6728\u9f50\u3001\u94f6\u5ddd\u3001\u5408\u80a5<\/p>\n\n\n\n<p><\/p>\n","protected":false},"excerpt":{"rendered":"<p>\u7b2c7\u56de\u4eac\u90fd\u56fd\u969b\u30b3\u30f3\u30af\u30fc\u30eb\u7b2c7\u56de\u4eac\u90fd\u56fd\u969b\u97f3\u697d\u796d\u53c2\u52a0\u7533\u3057\u8fbc\u307fApplication \u300c\u4eac\u90fd\u56fd\u969b\u97f3\u697d\u30b3\u30f3\u30af\u30fc\u30eb\u300d\u53ca\u3073\u300c\u4eac\u90fd\u56fd\u969b\u97f3\u697d\u796d\u300d\u306e\u53c2\u52a0\u7533\u3057\u8fbc\u307f\u53ca\u3073\u304a\u554f\u3044\u5408\u308f\u305b\u306f\u3001\u3053\u3061\u3089\u3067\u53d7\u4ed8\u3057\u3066\u304a\u308a\u307e\u3059\u3002\uff08\u4e2d\u56fd\u56fd\u5185\u306e\u53c2\u52a0\u8005\u306f\u4e2d\u56fd\u56fd\u5185\u898f\u5b9a [&hellip;]<\/p>\n","protected":false},"author":1,"featured_media":1003,"parent":0,"menu_order":0,"comment_status":"closed","ping_status":"closed","template":"","meta":{"footnotes":""},"class_list":["post-859","page","type-page","status-publish","has-post-thumbnail","hentry"],"_links":{"self":[{"href":"https:\/\/kyotoimc.info\/index.php?rest_route=\/wp\/v2\/pages\/859","targetHints":{"allow":["GET"]}}],"collection":[{"href":"https:\/\/kyotoimc.info\/index.php?rest_route=\/wp\/v2\/pages"}],"about":[{"href":"https:\/\/kyotoimc.info\/index.php?rest_route=\/wp\/v2\/types\/page"}],"author":[{"embeddable":true,"href":"https:\/\/kyotoimc.info\/index.php?rest_route=\/wp\/v2\/users\/1"}],"replies":[{"embeddable":true,"href":"https:\/\/kyotoimc.info\/index.php?rest_route=%2Fwp%2Fv2%2Fcomments&post=859"}],"version-history":[{"count":42,"href":"https:\/\/kyotoimc.info\/index.php?rest_route=\/wp\/v2\/pages\/859\/revisions"}],"predecessor-version":[{"id":1359,"href":"https:\/\/kyotoimc.info\/index.php?rest_route=\/wp\/v2\/pages\/859\/revisions\/1359"}],"wp:featuredmedia":[{"embeddable":true,"href":"https:\/\/kyotoimc.info\/index.php?rest_route=\/wp\/v2\/media\/1003"}],"wp:attachment":[{"href":"https:\/\/kyotoimc.info\/index.php?rest_route=%2Fwp%2Fv2%2Fmedia&parent=859"}],"curies":[{"name":"wp","href":"https:\/\/api.w.org\/{rel}","templated":true}]}}